{"id":131,"date":"2023-05-04T19:24:20","date_gmt":"2023-05-04T19:24:20","guid":{"rendered":"http:\/\/137.184.70.160\/wordpress\/?page_id=131"},"modified":"2023-05-17T21:29:31","modified_gmt":"2023-05-17T21:29:31","slug":"tarjetas-personales","status":"publish","type":"page","link":"http:\/\/imprentacorintios.com\/wordpress\/tarjetas-personales\/","title":{"rendered":"Tarjetas personales"},"content":{"rendered":"\n<figure class=\"wp-block-image alignfull size-large\"><img loading=\"lazy\" decoding=\"async\" width=\"1024\" height=\"154\" src=\"http:\/\/137.184.70.160\/wordpress\/wp-content\/uploads\/2023\/05\/cabecera-vacia-1-1024x154.jpg\" alt=\"\" class=\"wp-image-213\" srcset=\"http:\/\/imprentacorintios.com\/wordpress\/wp-content\/uploads\/2023\/05\/cabecera-vacia-1-1024x154.jpg 1024w, http:\/\/imprentacorintios.com\/wordpress\/wp-content\/uploads\/2023\/05\/cabecera-vacia-1-300x45.jpg 300w, http:\/\/imprentacorintios.com\/wordpress\/wp-content\/uploads\/2023\/05\/cabecera-vacia-1-768x116.jpg 768w, http:\/\/imprentacorintios.com\/wordpress\/wp-content\/uploads\/2023\/05\/cabecera-vacia-1-1536x232.jpg 1536w, http:\/\/imprentacorintios.com\/wordpress\/wp-content\/uploads\/2023\/05\/cabecera-vacia-1.jpg 1591w\" sizes=\"auto, (max-width: 1024px) 100vw, 1024px\" \/><\/figure>\n\n\n\n<p class=\"has-text-align-center\" style=\"font-size:30px\"><strong>Tarjetas Personales<\/strong><\/p>\n\n\n\n<div class=\"wp-block-columns is-layout-flex wp-container-core-columns-is-layout-d7d455e7 wp-block-columns-is-layout-flex\" style=\"border-style:none;border-width:0px;padding-top:0;padding-right:0;padding-bottom:0;padding-left:0\">\n<div class=\"wp-block-column is-layout-flow wp-block-column-is-layout-flow\">\n<figure class=\"wp-block-image alignright size-medium is-resized has-custom-border\"><img loading=\"lazy\" decoding=\"async\" src=\"http:\/\/137.184.70.160\/wordpress\/wp-content\/uploads\/2023\/05\/tarjetasPersonales-1-300x210.jpg\" alt=\"\" class=\"wp-image-138\" style=\"border-style:none;border-width:0px\" width=\"330\" height=\"231\" srcset=\"http:\/\/imprentacorintios.com\/wordpress\/wp-content\/uploads\/2023\/05\/tarjetasPersonales-1-300x210.jpg 300w, http:\/\/imprentacorintios.com\/wordpress\/wp-content\/uploads\/2023\/05\/tarjetasPersonales-1-1024x717.jpg 1024w, http:\/\/imprentacorintios.com\/wordpress\/wp-content\/uploads\/2023\/05\/tarjetasPersonales-1-768x537.jpg 768w, http:\/\/imprentacorintios.com\/wordpress\/wp-content\/uploads\/2023\/05\/tarjetasPersonales-1-1536x1075.jpg 1536w, http:\/\/imprentacorintios.com\/wordpress\/wp-content\/uploads\/2023\/05\/tarjetasPersonales-1-2048x1433.jpg 2048w\" sizes=\"auto, (max-width: 330px) 100vw, 330px\" \/><\/figure>\n<\/div>\n\n\n\n<div class=\"wp-block-column is-layout-flow wp-block-column-is-layout-flow\">\n<p>Tarjetas Personales en full color laser<br>Este tipo de tarjetas son ideales para comenzar un emprendimiento, si<br>no tenemos los datos definitivos, o necesitamos tener r\u00e1pido nuestras<br>tarjetas imagen: tarjetas laser color<\/p>\n\n\n\n<p><strong>Caracter\u00edsticas:<\/strong><br>tama\u00f1o: 8,5 x 5 cm<br>papel: ilustraci\u00f3n 300 gr.<br>impresi\u00f3n: full color de una cara y dos caras<br>tiempo entrega: 2 d\u00edas<\/p>\n<\/div>\n\n\n\n<div class=\"wp-block-column is-layout-constrained wp-block-column-is-layout-constrained\">\n<figure class=\"wp-block-table\"><table><thead><tr><th>Cantidad<\/th><th class=\"has-text-align-center\" data-align=\"center\">simple faz<\/th><th class=\"has-text-align-center\" data-align=\"center\">doble faz<\/th><\/tr><\/thead><tbody><tr><td><\/td><td class=\"has-text-align-center\" data-align=\"center\"><\/td><td class=\"has-text-align-center\" data-align=\"center\"><\/td><\/tr><tr><td>100 Tarjetas<\/td><td class=\"has-text-align-center\" data-align=\"center\">1800 $<\/td><td class=\"has-text-align-center\" data-align=\"center\">2500 $<\/td><\/tr><tr><td>200 Tarjetas<\/td><td class=\"has-text-align-center\" data-align=\"center\">2500 $<\/td><td class=\"has-text-align-center\" data-align=\"center\">4000 $<\/td><\/tr><\/tbody><\/table><\/figure>\n<\/div>\n\n\n\n<div class=\"wp-block-column is-layout-flow wp-block-column-is-layout-flow\"><\/div>\n<\/div>\n\n\n\n<div class=\"wp-block-columns is-layout-flex wp-container-core-columns-is-layout-28f84493 wp-block-columns-is-layout-flex\">\n<div class=\"wp-block-column is-layout-flow wp-block-column-is-layout-flow\">\n<figure class=\"wp-block-image size-full\"><img loading=\"lazy\" decoding=\"async\" width=\"400\" height=\"470\" src=\"http:\/\/137.184.70.160\/wordpress\/wp-content\/uploads\/2023\/05\/tarjetasPersonales.png\" alt=\"\" class=\"wp-image-176\" srcset=\"http:\/\/imprentacorintios.com\/wordpress\/wp-content\/uploads\/2023\/05\/tarjetasPersonales.png 400w, http:\/\/imprentacorintios.com\/wordpress\/wp-content\/uploads\/2023\/05\/tarjetasPersonales-255x300.png 255w\" sizes=\"auto, (max-width: 400px) 100vw, 400px\" \/><\/figure>\n<\/div>\n\n\n\n<div class=\"wp-block-column is-layout-flow wp-block-column-is-layout-flow\">\n<p>Tarjetas Personales en off-set<\/p>\n\n\n\n<p>Son las tarjetas definitivas para nuestra empresa, se hacen en offset<br>llevan tratamiento<br>com uv (ultra violeta), brillo o mate, o uv sectorizado.<\/p>\n\n\n\n<p><strong>Caracter\u00edsticas:<\/strong><br>tama\u00f1o: 8,5 x 5 cm<br>papel: ilustraci\u00f3n 300 gr.<br>impresi\u00f3n: full color de una cara y dos caras<br>tiempo entrega: 7 d\u00edas<\/p>\n<\/div>\n\n\n\n<div class=\"wp-block-column is-layout-flow wp-block-column-is-layout-flow\">\n<figure class=\"wp-block-table\"><table><thead><tr><th>terminaci\u00f3n<\/th><th>4\/1<\/th><th>4\/1<\/th><\/tr><\/thead><tbody><tr><td>brillo<\/td><td>4300 $<\/td><td>4600 $<\/td><\/tr><tr><td>mate<\/td><td><\/td><td>5300 $<\/td><\/tr><tr><td>uv sectoriado<\/td><td><\/td><td>5800 $<\/td><\/tr><\/tbody><\/table><\/figure>\n<\/div>\n\n\n\n<div class=\"wp-block-column is-layout-flow wp-block-column-is-layout-flow\"><\/div>\n<\/div>\n\n\n\n<p><\/p>\n","protected":false},"excerpt":{"rendered":"<p>Tarjetas Personales Tarjetas Personales en full color laserEste tipo de tarjetas son ideales para comenzar un emprendimiento, sino tenemos los datos definitivos, o necesitamos tener r\u00e1pido nuestrastarjetas imagen: tarjetas laser color Caracter\u00edsticas:tama\u00f1o: 8,5 x 5 cmpapel: ilustraci\u00f3n 300 gr.impresi\u00f3n: full color de una cara y dos carastiempo entrega: 2 d\u00edas Cantidad simple faz doble faz &hellip;<\/p>\n<p class=\"read-more\"> <a class=\"\" href=\"http:\/\/imprentacorintios.com\/wordpress\/tarjetas-personales\/\"> <span class=\"screen-reader-text\">Tarjetas personales<\/span> Leer m\u00e1s &raquo;<\/a><\/p>\n","protected":false},"author":1,"featured_media":0,"parent":0,"menu_order":0,"comment_status":"closed","ping_status":"closed","template":"","meta":{"site-sidebar-layout":"no-sidebar","site-content-layout":"page-builder","ast-global-header-display":"","ast-main-header-display":"","ast-hfb-above-header-display":"","ast-hfb-below-header-display":"","ast-hfb-mobile-header-display":"","site-post-title":"disabled","ast-breadcrumbs-content":"","ast-featured-img":"disabled","footer-sml-layout":"","theme-transparent-header-meta":"","adv-header-id-meta":"","stick-header-meta":"","header-above-stick-meta":"","header-main-stick-meta":"","header-below-stick-meta":"","footnotes":""},"class_list":["post-131","page","type-page","status-publish","hentry"],"_links":{"self":[{"href":"http:\/\/imprentacorintios.com\/wordpress\/wp-json\/wp\/v2\/pages\/131","targetHints":{"allow":["GET"]}}],"collection":[{"href":"http:\/\/imprentacorintios.com\/wordpress\/wp-json\/wp\/v2\/pages"}],"about":[{"href":"http:\/\/imprentacorintios.com\/wordpress\/wp-json\/wp\/v2\/types\/page"}],"author":[{"embeddable":true,"href":"http:\/\/imprentacorintios.com\/wordpress\/wp-json\/wp\/v2\/users\/1"}],"replies":[{"embeddable":true,"href":"http:\/\/imprentacorintios.com\/wordpress\/wp-json\/wp\/v2\/comments?post=131"}],"version-history":[{"count":20,"href":"http:\/\/imprentacorintios.com\/wordpress\/wp-json\/wp\/v2\/pages\/131\/revisions"}],"predecessor-version":[{"id":245,"href":"http:\/\/imprentacorintios.com\/wordpress\/wp-json\/wp\/v2\/pages\/131\/revisions\/245"}],"wp:attachment":[{"href":"http:\/\/imprentacorintios.com\/wordpress\/wp-json\/wp\/v2\/media?parent=131"}],"curies":[{"name":"wp","href":"https:\/\/api.w.org\/{rel}","templated":true}]}}