{"id":32,"date":"2023-05-02T21:00:14","date_gmt":"2023-05-02T21:00:14","guid":{"rendered":"http:\/\/137.184.70.160\/wordpress\/?page_id=32"},"modified":"2023-05-10T19:33:12","modified_gmt":"2023-05-10T19:33:12","slug":"inicio-2","status":"publish","type":"page","link":"http:\/\/imprentacorintios.com\/wordpress\/","title":{"rendered":"Inicio"},"content":{"rendered":"\t\t<div data-elementor-type=\"wp-page\" data-elementor-id=\"32\" class=\"elementor elementor-32\">\n\t\t\t\t\t\t\t\t\t<section class=\"elementor-section elementor-top-section elementor-element elementor-element-ef7c0e5 elementor-section-content-middle elementor-section-full_width elementor-section-height-default elementor-section-height-default\" data-id=\"ef7c0e5\" data-element_type=\"section\" data-settings=\"{&quot;background_background&quot;:&quot;classic&quot;}\">\n\t\t\t\t\t\t<div class=\"elementor-container elementor-column-gap-no\">\n\t\t\t\t\t<div class=\"elementor-column elementor-col-100 elementor-top-column elementor-element elementor-element-d00d77e\" data-id=\"d00d77e\" data-element_type=\"column\">\n\t\t\t<div class=\"elementor-widget-wrap elementor-element-populated\">\n\t\t\t\t\t\t\t\t<div class=\"elementor-element elementor-element-6043f5f9 elementor-widget elementor-widget-heading\" data-id=\"6043f5f9\" data-element_type=\"widget\" data-widget_type=\"heading.default\">\n\t\t\t\t<div class=\"elementor-widget-container\">\n\t\t\t<style>\/*! elementor - v3.12.2 - 23-04-2023 *\/\n.elementor-heading-title{padding:0;margin:0;line-height:1}.elementor-widget-heading .elementor-heading-title[class*=elementor-size-]>a{color:inherit;font-size:inherit;line-height:inherit}.elementor-widget-heading .elementor-heading-title.elementor-size-small{font-size:15px}.elementor-widget-heading .elementor-heading-title.elementor-size-medium{font-size:19px}.elementor-widget-heading .elementor-heading-title.elementor-size-large{font-size:29px}.elementor-widget-heading .elementor-heading-title.elementor-size-xl{font-size:39px}.elementor-widget-heading .elementor-heading-title.elementor-size-xxl{font-size:59px}<\/style><h2 class=\"elementor-heading-title elementor-size-default\">Bienvenidos<\/h2>\t\t<\/div>\n\t\t\t\t<\/div>\n\t\t\t\t<div class=\"elementor-element elementor-element-1fc35b10 elementor-align-center elementor-widget elementor-widget-button\" data-id=\"1fc35b10\" data-element_type=\"widget\" data-widget_type=\"button.default\">\n\t\t\t\t<div class=\"elementor-widget-container\">\n\t\t\t\t\t<div class=\"elementor-button-wrapper\">\n\t\t\t<a href=\"http:\/\/imprentacorintios\/productos\" class=\"elementor-button-link elementor-button elementor-size-sm elementor-animation-grow\" role=\"button\">\n\t\t\t\t\t\t<span class=\"elementor-button-content-wrapper\">\n\t\t\t\t\t\t<span class=\"elementor-button-text\">Ingresar ahora<\/span>\n\t\t<\/span>\n\t\t\t\t\t<\/a>\n\t\t<\/div>\n\t\t\t\t<\/div>\n\t\t\t\t<\/div>\n\t\t\t\t\t<\/div>\n\t\t<\/div>\n\t\t\t\t\t\t\t<\/div>\n\t\t<\/section>\n\t\t\t\t<section class=\"elementor-section elementor-top-section elementor-element elementor-element-35c28390 elementor-section-content-middle elementor-section-boxed elementor-section-height-default elementor-section-height-default\" data-id=\"35c28390\" data-element_type=\"section\">\n\t\t\t\t\t\t<div class=\"elementor-container elementor-column-gap-no\">\n\t\t\t\t\t<div class=\"elementor-column elementor-col-100 elementor-top-column elementor-element elementor-element-2bc55ae9\" data-id=\"2bc55ae9\" data-element_type=\"column\">\n\t\t\t<div class=\"elementor-widget-wrap elementor-element-populated\">\n\t\t\t\t\t\t\t\t<div class=\"elementor-element elementor-element-7a5b4ea elementor-widget elementor-widget-heading\" data-id=\"7a5b4ea\" data-element_type=\"widget\" data-widget_type=\"heading.default\">\n\t\t\t\t<div class=\"elementor-widget-container\">\n\t\t\t<h2 class=\"elementor-heading-title elementor-size-default\">Nuestros productos y servicios<\/h2>\t\t<\/div>\n\t\t\t\t<\/div>\n\t\t\t\t<section class=\"elementor-section elementor-inner-section elementor-element elementor-element-692f4fc0 elementor-section-boxed elementor-section-height-default elementor-section-height-default\" data-id=\"692f4fc0\" data-element_type=\"section\">\n\t\t\t\t\t\t<div class=\"elementor-container elementor-column-gap-wider\">\n\t\t\t\t\t<div class=\"elementor-column elementor-col-33 elementor-inner-column elementor-element elementor-element-16951fbe\" data-id=\"16951fbe\" data-element_type=\"column\">\n\t\t\t<div class=\"elementor-widget-wrap elementor-element-populated\">\n\t\t\t\t\t\t\t\t<div class=\"elementor-element elementor-element-a0dcc65 elementor-widget elementor-widget-image\" data-id=\"a0dcc65\" data-element_type=\"widget\" data-widget_type=\"image.default\">\n\t\t\t\t<div class=\"elementor-widget-container\">\n\t\t\t<style>\/*! elementor - v3.12.2 - 23-04-2023 *\/\n.elementor-widget-image{text-align:center}.elementor-widget-image a{display:inline-block}.elementor-widget-image a img[src$=\".svg\"]{width:48px}.elementor-widget-image img{vertical-align:middle;display:inline-block}<\/style>\t\t\t\t\t\t\t\t\t\t\t\t<img loading=\"lazy\" decoding=\"async\" width=\"1024\" height=\"487\" src=\"http:\/\/imprentacorintios.com\/wordpress\/wp-content\/uploads\/2023\/05\/WhatsApp-Image-2023-04-19-at-16.57.101-1024x487.jpeg\" class=\"attachment-large size-large wp-image-52\" alt=\"\" srcset=\"http:\/\/imprentacorintios.com\/wordpress\/wp-content\/uploads\/2023\/05\/WhatsApp-Image-2023-04-19-at-16.57.101-1024x487.jpeg 1024w, http:\/\/imprentacorintios.com\/wordpress\/wp-content\/uploads\/2023\/05\/WhatsApp-Image-2023-04-19-at-16.57.101-300x143.jpeg 300w, http:\/\/imprentacorintios.com\/wordpress\/wp-content\/uploads\/2023\/05\/WhatsApp-Image-2023-04-19-at-16.57.101-768x365.jpeg 768w, http:\/\/imprentacorintios.com\/wordpress\/wp-content\/uploads\/2023\/05\/WhatsApp-Image-2023-04-19-at-16.57.101-1536x731.jpeg 1536w, http:\/\/imprentacorintios.com\/wordpress\/wp-content\/uploads\/2023\/05\/WhatsApp-Image-2023-04-19-at-16.57.101.jpeg 1600w\" sizes=\"auto, (max-width: 1024px) 100vw, 1024px\" \/>\t\t\t\t\t\t\t\t\t\t\t\t\t\t\t<\/div>\n\t\t\t\t<\/div>\n\t\t\t\t<div class=\"elementor-element elementor-element-7baa65ac elementor-view-stacked elementor-vertical-align-top elementor-widget elementor-widget-icon-box\" data-id=\"7baa65ac\" data-element_type=\"widget\" data-widget_type=\"icon-box.default\">\n\t\t\t\t<div class=\"elementor-widget-container\">\n\t\t\t<link rel=\"stylesheet\" href=\"http:\/\/imprentacorintios.com\/wordpress\/wp-content\/plugins\/elementor\/assets\/css\/widget-icon-box.min.css\">\t\t<div class=\"elementor-icon-box-wrapper\">\n\t\t\t\t\t\t<div class=\"elementor-icon-box-content\">\n\t\t\t\t<h3 class=\"elementor-icon-box-title\">\n\t\t\t\t\t<a href=\"http:\/\/137.184.70.160\/wordpress\/disenos\/\" >\n\t\t\t\t\t\tDise\u00f1os\t\t\t\t\t<\/a>\n\t\t\t\t<\/h3>\n\t\t\t\t\t\t\t\t\t<p class=\"elementor-icon-box-description\">\n\t\t\t\t\t\t\nHacemos sus dise\u00f1os de tarjetas, carteles, revistas, libros o cualquier elemento gr\u00e1fico con los mejores profesionales.\t\t\t\t\t<\/p>\n\t\t\t\t\t\t\t<\/div>\n\t\t<\/div>\n\t\t\t\t<\/div>\n\t\t\t\t<\/div>\n\t\t\t\t\t<\/div>\n\t\t<\/div>\n\t\t\t\t<div class=\"elementor-column elementor-col-33 elementor-inner-column elementor-element elementor-element-26b18648\" data-id=\"26b18648\" data-element_type=\"column\">\n\t\t\t<div class=\"elementor-widget-wrap elementor-element-populated\">\n\t\t\t\t\t\t\t\t<div class=\"elementor-element elementor-element-be05ece elementor-widget elementor-widget-image\" data-id=\"be05ece\" data-element_type=\"widget\" data-widget_type=\"image.default\">\n\t\t\t\t<div class=\"elementor-widget-container\">\n\t\t\t\t\t\t\t\t\t\t\t\t\t\t\t<img loading=\"lazy\" decoding=\"async\" width=\"800\" height=\"381\" src=\"http:\/\/imprentacorintios.com\/wordpress\/wp-content\/uploads\/2023\/05\/impresiones_general.jpg\" class=\"attachment-large size-large wp-image-54\" alt=\"\" srcset=\"http:\/\/imprentacorintios.com\/wordpress\/wp-content\/uploads\/2023\/05\/impresiones_general.jpg 800w, http:\/\/imprentacorintios.com\/wordpress\/wp-content\/uploads\/2023\/05\/impresiones_general-300x143.jpg 300w, http:\/\/imprentacorintios.com\/wordpress\/wp-content\/uploads\/2023\/05\/impresiones_general-768x366.jpg 768w\" sizes=\"auto, (max-width: 800px) 100vw, 800px\" \/>\t\t\t\t\t\t\t\t\t\t\t\t\t\t\t<\/div>\n\t\t\t\t<\/div>\n\t\t\t\t<div class=\"elementor-element elementor-element-2534299c elementor-view-stacked elementor-vertical-align-top elementor-widget elementor-widget-icon-box\" data-id=\"2534299c\" data-element_type=\"widget\" data-widget_type=\"icon-box.default\">\n\t\t\t\t<div class=\"elementor-widget-container\">\n\t\t\t\t\t<div class=\"elementor-icon-box-wrapper\">\n\t\t\t\t\t\t<div class=\"elementor-icon-box-content\">\n\t\t\t\t<h3 class=\"elementor-icon-box-title\">\n\t\t\t\t\t<span  >\n\t\t\t\t\t\tImpresiones\t\t\t\t\t<\/span>\n\t\t\t\t<\/h3>\n\t\t\t\t\t\t\t\t\t<p class=\"elementor-icon-box-description\">\n\t\t\t\t\t\tImprimimos en laser color, blanco y negro varios papeles, lonas y vinilos\t\t\t\t\t<\/p>\n\t\t\t\t\t\t\t<\/div>\n\t\t<\/div>\n\t\t\t\t<\/div>\n\t\t\t\t<\/div>\n\t\t\t\t\t<\/div>\n\t\t<\/div>\n\t\t\t\t<div class=\"elementor-column elementor-col-33 elementor-inner-column elementor-element elementor-element-9d881d4\" data-id=\"9d881d4\" data-element_type=\"column\">\n\t\t\t<div class=\"elementor-widget-wrap elementor-element-populated\">\n\t\t\t\t\t\t\t\t<div class=\"elementor-element elementor-element-d697741 elementor-widget elementor-widget-image\" data-id=\"d697741\" data-element_type=\"widget\" data-widget_type=\"image.default\">\n\t\t\t\t<div class=\"elementor-widget-container\">\n\t\t\t\t\t\t\t\t\t\t\t\t\t\t\t<img loading=\"lazy\" decoding=\"async\" width=\"1024\" height=\"487\" src=\"http:\/\/imprentacorintios.com\/wordpress\/wp-content\/uploads\/2023\/05\/WhatsApp-Image-2023-05-03-at-09.40.16-1024x487.jpeg\" class=\"attachment-large size-large wp-image-53\" alt=\"\" srcset=\"http:\/\/imprentacorintios.com\/wordpress\/wp-content\/uploads\/2023\/05\/WhatsApp-Image-2023-05-03-at-09.40.16-1024x487.jpeg 1024w, http:\/\/imprentacorintios.com\/wordpress\/wp-content\/uploads\/2023\/05\/WhatsApp-Image-2023-05-03-at-09.40.16-300x143.jpeg 300w, http:\/\/imprentacorintios.com\/wordpress\/wp-content\/uploads\/2023\/05\/WhatsApp-Image-2023-05-03-at-09.40.16-768x365.jpeg 768w, http:\/\/imprentacorintios.com\/wordpress\/wp-content\/uploads\/2023\/05\/WhatsApp-Image-2023-05-03-at-09.40.16-1536x731.jpeg 1536w, http:\/\/imprentacorintios.com\/wordpress\/wp-content\/uploads\/2023\/05\/WhatsApp-Image-2023-05-03-at-09.40.16.jpeg 1600w\" sizes=\"auto, (max-width: 1024px) 100vw, 1024px\" \/>\t\t\t\t\t\t\t\t\t\t\t\t\t\t\t<\/div>\n\t\t\t\t<\/div>\n\t\t\t\t<div class=\"elementor-element elementor-element-701add0 elementor-view-stacked elementor-vertical-align-top elementor-widget elementor-widget-icon-box\" data-id=\"701add0\" data-element_type=\"widget\" data-widget_type=\"icon-box.default\">\n\t\t\t\t<div class=\"elementor-widget-container\">\n\t\t\t\t\t<div class=\"elementor-icon-box-wrapper\">\n\t\t\t\t\t\t<div class=\"elementor-icon-box-content\">\n\t\t\t\t<h3 class=\"elementor-icon-box-title\">\n\t\t\t\t\t<span  >\n\t\t\t\t\t\tProductos Personalizados\t\t\t\t\t<\/span>\n\t\t\t\t<\/h3>\n\t\t\t\t\t\t\t\t\t<p class=\"elementor-icon-box-description\">\n\t\t\t\t\t\tagendas, pines, llaveros, tazas y regalos empresariales\t\t\t\t\t<\/p>\n\t\t\t\t\t\t\t<\/div>\n\t\t<\/div>\n\t\t\t\t<\/div>\n\t\t\t\t<\/div>\n\t\t\t\t\t<\/div>\n\t\t<\/div>\n\t\t\t\t\t\t\t<\/div>\n\t\t<\/section>\n\t\t\t\t\t<\/div>\n\t\t<\/div>\n\t\t\t\t\t\t\t<\/div>\n\t\t<\/section>\n\t\t\t\t\t\t\t<\/div>\n\t\t","protected":false},"excerpt":{"rendered":"<p>Bienvenidos Ingresar ahora Nuestros productos y servicios Dise\u00f1os Hacemos sus dise\u00f1os de tarjetas, carteles, revistas, libros o cualquier elemento gr\u00e1fico con los mejores profesionales. Impresiones Imprimimos en laser color, blanco y negro varios papeles, lonas y vinilos Productos Personalizados agendas, pines, llaveros, tazas y regalos empresariales<\/p>\n","protected":false},"author":1,"featured_media":0,"parent":0,"menu_order":0,"comment_status":"closed","ping_status":"closed","template":"","meta":{"site-sidebar-layout":"no-sidebar","site-content-layout":"page-builder","ast-global-header-display":"","ast-main-header-display":"","ast-hfb-above-header-display":"","ast-hfb-below-header-display":"","ast-hfb-mobile-header-display":"","site-post-title":"disabled","ast-breadcrumbs-content":"","ast-featured-img":"disabled","footer-sml-layout":"","theme-transparent-header-meta":"","adv-header-id-meta":"","stick-header-meta":"","header-above-stick-meta":"","header-main-stick-meta":"","header-below-stick-meta":"","footnotes":""},"class_list":["post-32","page","type-page","status-publish","hentry"],"_links":{"self":[{"href":"http:\/\/imprentacorintios.com\/wordpress\/wp-json\/wp\/v2\/pages\/32","targetHints":{"allow":["GET"]}}],"collection":[{"href":"http:\/\/imprentacorintios.com\/wordpress\/wp-json\/wp\/v2\/pages"}],"about":[{"href":"http:\/\/imprentacorintios.com\/wordpress\/wp-json\/wp\/v2\/types\/page"}],"author":[{"embeddable":true,"href":"http:\/\/imprentacorintios.com\/wordpress\/wp-json\/wp\/v2\/users\/1"}],"replies":[{"embeddable":true,"href":"http:\/\/imprentacorintios.com\/wordpress\/wp-json\/wp\/v2\/comments?post=32"}],"version-history":[{"count":31,"href":"http:\/\/imprentacorintios.com\/wordpress\/wp-json\/wp\/v2\/pages\/32\/revisions"}],"predecessor-version":[{"id":232,"href":"http:\/\/imprentacorintios.com\/wordpress\/wp-json\/wp\/v2\/pages\/32\/revisions\/232"}],"wp:attachment":[{"href":"http:\/\/imprentacorintios.com\/wordpress\/wp-json\/wp\/v2\/media?parent=32"}],"curies":[{"name":"wp","href":"https:\/\/api.w.org\/{rel}","templated":true}]}}