{"id":69,"date":"2023-05-03T19:32:58","date_gmt":"2023-05-03T19:32:58","guid":{"rendered":"http:\/\/137.184.70.160\/wordpress\/?page_id=69"},"modified":"2023-05-08T16:21:01","modified_gmt":"2023-05-08T16:21:01","slug":"quienes-somos","status":"publish","type":"page","link":"http:\/\/imprentacorintios.com\/wordpress\/quienes-somos\/","title":{"rendered":"\u00bfqui\u00e9nes s\u00f3mos?"},"content":{"rendered":"\t\t<div data-elementor-type=\"wp-page\" data-elementor-id=\"69\" class=\"elementor elementor-69\">\n\t\t\t\t\t\t\t\t\t<section class=\"elementor-section elementor-top-section elementor-element elementor-element-5d4f3326 elementor-section-content-middle elementor-section-boxed elementor-section-height-default elementor-section-height-default\" data-id=\"5d4f3326\" data-element_type=\"section\">\n\t\t\t\t\t\t<div class=\"elementor-container elementor-column-gap-no\">\n\t\t\t\t\t<div class=\"elementor-column elementor-col-50 elementor-top-column elementor-element elementor-element-5cc9b00e\" data-id=\"5cc9b00e\" data-element_type=\"column\">\n\t\t\t<div class=\"elementor-widget-wrap elementor-element-populated\">\n\t\t\t\t\t\t\t\t<div class=\"elementor-element elementor-element-ec941ab elementor-widget elementor-widget-heading\" data-id=\"ec941ab\" data-element_type=\"widget\" data-widget_type=\"heading.default\">\n\t\t\t\t<div class=\"elementor-widget-container\">\n\t\t\t<style>\/*! elementor - v3.12.2 - 23-04-2023 *\/\n.elementor-heading-title{padding:0;margin:0;line-height:1}.elementor-widget-heading .elementor-heading-title[class*=elementor-size-]>a{color:inherit;font-size:inherit;line-height:inherit}.elementor-widget-heading .elementor-heading-title.elementor-size-small{font-size:15px}.elementor-widget-heading .elementor-heading-title.elementor-size-medium{font-size:19px}.elementor-widget-heading .elementor-heading-title.elementor-size-large{font-size:29px}.elementor-widget-heading .elementor-heading-title.elementor-size-xl{font-size:39px}.elementor-widget-heading .elementor-heading-title.elementor-size-xxl{font-size:59px}<\/style><h2 class=\"elementor-heading-title elementor-size-default\">\u00bfQui\u00e9nes somos?<\/h2>\t\t<\/div>\n\t\t\t\t<\/div>\n\t\t\t\t<div class=\"elementor-element elementor-element-5c1cb46 elementor-widget elementor-widget-image\" data-id=\"5c1cb46\" data-element_type=\"widget\" data-widget_type=\"image.default\">\n\t\t\t\t<div class=\"elementor-widget-container\">\n\t\t\t<style>\/*! elementor - v3.12.2 - 23-04-2023 *\/\n.elementor-widget-image{text-align:center}.elementor-widget-image a{display:inline-block}.elementor-widget-image a img[src$=\".svg\"]{width:48px}.elementor-widget-image img{vertical-align:middle;display:inline-block}<\/style>\t\t\t\t\t\t\t\t\t\t\t\t<img loading=\"lazy\" decoding=\"async\" width=\"1600\" height=\"761\" src=\"http:\/\/imprentacorintios.com\/wordpress\/wp-content\/uploads\/2023\/05\/entrada.jpeg\" class=\"attachment-full size-full wp-image-34\" alt=\"\" srcset=\"http:\/\/imprentacorintios.com\/wordpress\/wp-content\/uploads\/2023\/05\/entrada.jpeg 1600w, http:\/\/imprentacorintios.com\/wordpress\/wp-content\/uploads\/2023\/05\/entrada-300x143.jpeg 300w, http:\/\/imprentacorintios.com\/wordpress\/wp-content\/uploads\/2023\/05\/entrada-1024x487.jpeg 1024w, http:\/\/imprentacorintios.com\/wordpress\/wp-content\/uploads\/2023\/05\/entrada-768x365.jpeg 768w, http:\/\/imprentacorintios.com\/wordpress\/wp-content\/uploads\/2023\/05\/entrada-1536x731.jpeg 1536w\" sizes=\"auto, (max-width: 1600px) 100vw, 1600px\" \/>\t\t\t\t\t\t\t\t\t\t\t\t\t\t\t<\/div>\n\t\t\t\t<\/div>\n\t\t\t\t\t<\/div>\n\t\t<\/div>\n\t\t\t\t<div class=\"elementor-column elementor-col-50 elementor-top-column elementor-element elementor-element-6c257db4\" data-id=\"6c257db4\" data-element_type=\"column\">\n\t\t\t<div class=\"elementor-widget-wrap elementor-element-populated\">\n\t\t\t\t\t\t\t\t<div class=\"elementor-element elementor-element-27a9c2fe elementor-widget elementor-widget-text-editor\" data-id=\"27a9c2fe\" data-element_type=\"widget\" data-widget_type=\"text-editor.default\">\n\t\t\t\t<div class=\"elementor-widget-container\">\n\t\t\t<style>\/*! elementor - v3.12.2 - 23-04-2023 *\/\n.elementor-widget-text-editor.elementor-drop-cap-view-stacked .elementor-drop-cap{background-color:#69727d;color:#fff}.elementor-widget-text-editor.elementor-drop-cap-view-framed .elementor-drop-cap{color:#69727d;border:3px solid;background-color:transparent}.elementor-widget-text-editor:not(.elementor-drop-cap-view-default) .elementor-drop-cap{margin-top:8px}.elementor-widget-text-editor:not(.elementor-drop-cap-view-default) .elementor-drop-cap-letter{width:1em;height:1em}.elementor-widget-text-editor .elementor-drop-cap{float:left;text-align:center;line-height:1;font-size:50px}.elementor-widget-text-editor .elementor-drop-cap-letter{display:inline-block}<\/style>\t\t\t\t<p>La imprenta Corintios 13 es un emprendimiento gr\u00e1fico, sugido en 1995 <br \/>Desde su comienzos se dedic\u00f3 a la confecci\u00f3n de originales e impresi\u00f3n de elementos gr\u00e1ficos, para empresas, negocios, colegios, universidades. A la Impresi\u00f3n de peque\u00f1as publicaciones y libros de todo tipo.<\/p>\t\t\t\t\t\t<\/div>\n\t\t\t\t<\/div>\n\t\t\t\t\t<\/div>\n\t\t<\/div>\n\t\t\t\t\t\t\t<\/div>\n\t\t<\/section>\n\t\t\t\t<section class=\"elementor-section elementor-top-section elementor-element elementor-element-58699a16 elementor-section-content-middle elementor-section-boxed elementor-section-height-default elementor-section-height-default\" data-id=\"58699a16\" data-element_type=\"section\">\n\t\t\t\t\t\t<div class=\"elementor-container elementor-column-gap-no\">\n\t\t\t\t\t<div class=\"elementor-column elementor-col-33 elementor-top-column elementor-element elementor-element-475fc76c\" data-id=\"475fc76c\" data-element_type=\"column\">\n\t\t\t<div class=\"elementor-widget-wrap elementor-element-populated\">\n\t\t\t\t\t\t\t\t<div class=\"elementor-element elementor-element-14ede59a elementor-widget elementor-widget-text-editor\" data-id=\"14ede59a\" data-element_type=\"widget\" data-widget_type=\"text-editor.default\">\n\t\t\t\t<div class=\"elementor-widget-container\">\n\t\t\t\t\t\t\t<p>Our gallery<\/p>\t\t\t\t\t\t<\/div>\n\t\t\t\t<\/div>\n\t\t\t\t<div class=\"elementor-element elementor-element-666fb304 elementor-widget elementor-widget-heading\" data-id=\"666fb304\" data-element_type=\"widget\" data-widget_type=\"heading.default\">\n\t\t\t\t<div class=\"elementor-widget-container\">\n\t\t\t<h3 class=\"elementor-heading-title elementor-size-small\">Nosotros<\/h3>\t\t<\/div>\n\t\t\t\t<\/div>\n\t\t\t\t<div class=\"elementor-element elementor-element-318b3398 elementor-widget elementor-widget-image\" data-id=\"318b3398\" data-element_type=\"widget\" data-widget_type=\"image.default\">\n\t\t\t\t<div class=\"elementor-widget-container\">\n\t\t\t\t\t\t\t\t\t\t\t\t\t\t\t<img loading=\"lazy\" decoding=\"async\" width=\"1024\" height=\"487\" src=\"http:\/\/imprentacorintios.com\/wordpress\/wp-content\/uploads\/2023\/05\/WhatsApp-Image-2023-04-12-at-19.23.43-1024x487.jpeg\" class=\"elementor-animation-grow attachment-large size-large wp-image-183\" alt=\"\" srcset=\"http:\/\/imprentacorintios.com\/wordpress\/wp-content\/uploads\/2023\/05\/WhatsApp-Image-2023-04-12-at-19.23.43-1024x487.jpeg 1024w, http:\/\/imprentacorintios.com\/wordpress\/wp-content\/uploads\/2023\/05\/WhatsApp-Image-2023-04-12-at-19.23.43-300x143.jpeg 300w, http:\/\/imprentacorintios.com\/wordpress\/wp-content\/uploads\/2023\/05\/WhatsApp-Image-2023-04-12-at-19.23.43-768x365.jpeg 768w, http:\/\/imprentacorintios.com\/wordpress\/wp-content\/uploads\/2023\/05\/WhatsApp-Image-2023-04-12-at-19.23.43-1536x731.jpeg 1536w, http:\/\/imprentacorintios.com\/wordpress\/wp-content\/uploads\/2023\/05\/WhatsApp-Image-2023-04-12-at-19.23.43.jpeg 1600w\" sizes=\"auto, (max-width: 1024px) 100vw, 1024px\" \/>\t\t\t\t\t\t\t\t\t\t\t\t\t\t\t<\/div>\n\t\t\t\t<\/div>\n\t\t\t\t\t<\/div>\n\t\t<\/div>\n\t\t\t\t<div class=\"elementor-column elementor-col-33 elementor-top-column elementor-element elementor-element-4e2a2326\" data-id=\"4e2a2326\" data-element_type=\"column\">\n\t\t\t<div class=\"elementor-widget-wrap elementor-element-populated\">\n\t\t\t\t\t\t\t\t<div class=\"elementor-element elementor-element-30a8eb6e elementor-widget elementor-widget-image\" data-id=\"30a8eb6e\" data-element_type=\"widget\" data-widget_type=\"image.default\">\n\t\t\t\t<div class=\"elementor-widget-container\">\n\t\t\t\t\t\t\t\t\t\t\t\t\t\t\t<img loading=\"lazy\" decoding=\"async\" width=\"1024\" height=\"487\" src=\"http:\/\/imprentacorintios.com\/wordpress\/wp-content\/uploads\/2023\/05\/WhatsApp-Image-2023-04-13-at-20.22.21-1024x487.jpeg\" class=\"elementor-animation-grow attachment-large size-large wp-image-182\" alt=\"\" srcset=\"http:\/\/imprentacorintios.com\/wordpress\/wp-content\/uploads\/2023\/05\/WhatsApp-Image-2023-04-13-at-20.22.21-1024x487.jpeg 1024w, http:\/\/imprentacorintios.com\/wordpress\/wp-content\/uploads\/2023\/05\/WhatsApp-Image-2023-04-13-at-20.22.21-300x143.jpeg 300w, http:\/\/imprentacorintios.com\/wordpress\/wp-content\/uploads\/2023\/05\/WhatsApp-Image-2023-04-13-at-20.22.21-768x365.jpeg 768w, http:\/\/imprentacorintios.com\/wordpress\/wp-content\/uploads\/2023\/05\/WhatsApp-Image-2023-04-13-at-20.22.21-1536x731.jpeg 1536w, http:\/\/imprentacorintios.com\/wordpress\/wp-content\/uploads\/2023\/05\/WhatsApp-Image-2023-04-13-at-20.22.21.jpeg 1600w\" sizes=\"auto, (max-width: 1024px) 100vw, 1024px\" \/>\t\t\t\t\t\t\t\t\t\t\t\t\t\t\t<\/div>\n\t\t\t\t<\/div>\n\t\t\t\t<div class=\"elementor-element elementor-element-48c09a10 elementor-widget elementor-widget-text-editor\" data-id=\"48c09a10\" data-element_type=\"widget\" data-widget_type=\"text-editor.default\">\n\t\t\t\t<div class=\"elementor-widget-container\">\n\t\t\t\t\t\t\t<p>El nombre: la imprenta surgi\u00f3 como un emprendimiento de C\u00e1ritas Arquidiocesana de C\u00f3rdoba, en un primer momento se llamaba \u00abimprenta C\u00e1ritas\u00bb, varios a\u00f1os despu\u00e9s se desprendi\u00f3 de dicha instituci\u00f3n pero decidi\u00f3 que su nombre siguiera manteniendo la identidad original, el nombre respondea al Himno de la Caridad de las Cartas de Pablo a los cristianos de Corintios. Cita b\u00edblica que tiene mucha relaci\u00f3n con el trabajo que se hace en su instituci\u00f3n de origen.<\/p>\t\t\t\t\t\t<\/div>\n\t\t\t\t<\/div>\n\t\t\t\t\t<\/div>\n\t\t<\/div>\n\t\t\t\t<div class=\"elementor-column elementor-col-33 elementor-top-column elementor-element elementor-element-41f79d09\" data-id=\"41f79d09\" data-element_type=\"column\">\n\t\t\t<div class=\"elementor-widget-wrap elementor-element-populated\">\n\t\t\t\t\t\t\t\t<div class=\"elementor-element elementor-element-3621f008 elementor-widget elementor-widget-image\" data-id=\"3621f008\" data-element_type=\"widget\" data-widget_type=\"image.default\">\n\t\t\t\t<div class=\"elementor-widget-container\">\n\t\t\t\t\t\t\t\t\t\t\t\t\t\t\t<img loading=\"lazy\" decoding=\"async\" width=\"768\" height=\"576\" src=\"http:\/\/imprentacorintios.com\/wordpress\/wp-content\/uploads\/2023\/05\/mostrador.jpeg\" class=\"elementor-animation-grow attachment-full size-full wp-image-72\" alt=\"\" srcset=\"http:\/\/imprentacorintios.com\/wordpress\/wp-content\/uploads\/2023\/05\/mostrador.jpeg 768w, http:\/\/imprentacorintios.com\/wordpress\/wp-content\/uploads\/2023\/05\/mostrador-300x225.jpeg 300w\" sizes=\"auto, (max-width: 768px) 100vw, 768px\" \/>\t\t\t\t\t\t\t\t\t\t\t\t\t\t\t<\/div>\n\t\t\t\t<\/div>\n\t\t\t\t\t<\/div>\n\t\t<\/div>\n\t\t\t\t\t\t\t<\/div>\n\t\t<\/section>\n\t\t\t\t\t\t\t<\/div>\n\t\t","protected":false},"excerpt":{"rendered":"<p>\u00bfQui\u00e9nes somos? La imprenta Corintios 13 es un emprendimiento gr\u00e1fico, sugido en 1995 Desde su comienzos se dedic\u00f3 a la confecci\u00f3n de originales e impresi\u00f3n de elementos gr\u00e1ficos, para empresas, negocios, colegios, universidades. A la Impresi\u00f3n de peque\u00f1as publicaciones y libros de todo tipo. Our gallery Nosotros El nombre: la imprenta surgi\u00f3 como un emprendimiento &hellip;<\/p>\n<p class=\"read-more\"> <a class=\"\" href=\"http:\/\/imprentacorintios.com\/wordpress\/quienes-somos\/\"> <span class=\"screen-reader-text\">\u00bfqui\u00e9nes s\u00f3mos?<\/span> Leer m\u00e1s &raquo;<\/a><\/p>\n","protected":false},"author":1,"featured_media":0,"parent":0,"menu_order":0,"comment_status":"closed","ping_status":"closed","template":"","meta":{"site-sidebar-layout":"no-sidebar","site-content-layout":"page-builder","ast-global-header-display":"","ast-main-header-display":"","ast-hfb-above-header-display":"","ast-hfb-below-header-display":"","ast-hfb-mobile-header-display":"","site-post-title":"disabled","ast-breadcrumbs-content":"","ast-featured-img":"disabled","footer-sml-layout":"","theme-transparent-header-meta":"","adv-header-id-meta":"","stick-header-meta":"","header-above-stick-meta":"","header-main-stick-meta":"","header-below-stick-meta":"","footnotes":""},"class_list":["post-69","page","type-page","status-publish","hentry"],"_links":{"self":[{"href":"http:\/\/imprentacorintios.com\/wordpress\/wp-json\/wp\/v2\/pages\/69","targetHints":{"allow":["GET"]}}],"collection":[{"href":"http:\/\/imprentacorintios.com\/wordpress\/wp-json\/wp\/v2\/pages"}],"about":[{"href":"http:\/\/imprentacorintios.com\/wordpress\/wp-json\/wp\/v2\/types\/page"}],"author":[{"embeddable":true,"href":"http:\/\/imprentacorintios.com\/wordpress\/wp-json\/wp\/v2\/users\/1"}],"replies":[{"embeddable":true,"href":"http:\/\/imprentacorintios.com\/wordpress\/wp-json\/wp\/v2\/comments?post=69"}],"version-history":[{"count":10,"href":"http:\/\/imprentacorintios.com\/wordpress\/wp-json\/wp\/v2\/pages\/69\/revisions"}],"predecessor-version":[{"id":224,"href":"http:\/\/imprentacorintios.com\/wordpress\/wp-json\/wp\/v2\/pages\/69\/revisions\/224"}],"wp:attachment":[{"href":"http:\/\/imprentacorintios.com\/wordpress\/wp-json\/wp\/v2\/media?parent=69"}],"curies":[{"name":"wp","href":"https:\/\/api.w.org\/{rel}","templated":true}]}}